{"id":37,"date":"2023-11-23T16:19:34","date_gmt":"2023-11-23T15:19:34","guid":{"rendered":"https:\/\/kunsttext.de\/Blog\/?page_id=37"},"modified":"2023-11-28T10:58:35","modified_gmt":"2023-11-28T09:58:35","slug":"einleitung","status":"publish","type":"page","link":"https:\/\/www.kunsttext.de\/Blog\/","title":{"rendered":"Einleitung"},"content":{"rendered":"<p>Mein Blog ist zum einen eine Sammlung von Schnappsch\u00fcssen und bildet Szenen aus meinem Alltag als Textk\u00fcnstlerin ab. Hier erz\u00e4hle ich etwa, wie Ideen und Projekte entstehen. Ich versuche auch, zu vermitteln, wie K\u00fcnstler denken, wie sie die Welt sehen und empfinden, und gleichzeitig zu zeigen, wie normal und unaufregend ein K\u00fcnstlerleben sein kann.<\/p>\n<p style=\"text-align: center;\"><strong><a href=\"https:\/\/kunsttext.de\/Blog\/artikel\/\"><span style=\"color: #cd853f;\">ZU DEN ARTIKELN<\/span><\/a><\/strong><\/p>\n<p>.<\/p>\n","protected":false},"excerpt":{"rendered":"<p>Mein Blog ist zum einen eine Sammlung von Schnappsch\u00fcssen und bildet Szenen aus meinem Alltag als Textk\u00fcnstlerin ab. Hier erz\u00e4hle ich etwa, wie Ideen und Projekte entstehen. Ich versuche auch, zu vermitteln, wie K\u00fcnstler denken, wie sie die Welt sehen und empfinden, und gleichzeitig zu zeigen, wie normal und unaufregend ein K\u00fcnstlerleben sein kann. ZU DEN ARTIKELN .<\/p>\n","protected":false},"author":1,"featured_media":0,"parent":0,"menu_order":0,"comment_status":"closed","ping_status":"closed","template":"","meta":{"footnotes":""},"class_list":["post-37","page","type-page","status-publish","hentry","ratio-natural","entry"],"_links":{"self":[{"href":"https:\/\/www.kunsttext.de\/Blog\/wp-json\/wp\/v2\/pages\/37","targetHints":{"allow":["GET"]}}],"collection":[{"href":"https:\/\/www.kunsttext.de\/Blog\/wp-json\/wp\/v2\/pages"}],"about":[{"href":"https:\/\/www.kunsttext.de\/Blog\/wp-json\/wp\/v2\/types\/page"}],"author":[{"embeddable":true,"href":"https:\/\/www.kunsttext.de\/Blog\/wp-json\/wp\/v2\/users\/1"}],"replies":[{"embeddable":true,"href":"https:\/\/www.kunsttext.de\/Blog\/wp-json\/wp\/v2\/comments?post=37"}],"version-history":[{"count":9,"href":"https:\/\/www.kunsttext.de\/Blog\/wp-json\/wp\/v2\/pages\/37\/revisions"}],"predecessor-version":[{"id":145,"href":"https:\/\/www.kunsttext.de\/Blog\/wp-json\/wp\/v2\/pages\/37\/revisions\/145"}],"wp:attachment":[{"href":"https:\/\/www.kunsttext.de\/Blog\/wp-json\/wp\/v2\/media?parent=37"}],"curies":[{"name":"wp","href":"https:\/\/api.w.org\/{rel}","templated":true}]}}